{"id":220,"date":"2024-05-08T02:26:34","date_gmt":"2024-05-08T02:26:34","guid":{"rendered":"https:\/\/aa.org.mx\/?page_id=220"},"modified":"2024-07-30T00:37:14","modified_gmt":"2024-07-30T00:37:14","slug":"contacto-en-aa","status":"publish","type":"page","link":"https:\/\/aa.org.mx\/?page_id=220","title":{"rendered":"Contacto en AA"},"content":{"rendered":"\t\t<div data-elementor-type=\"wp-page\" data-elementor-id=\"220\" class=\"elementor elementor-220\">\n\t\t\t\t<div class=\"elementor-element elementor-element-1fff33a e-flex e-con-boxed e-con e-parent\" data-id=\"1fff33a\" data-element_type=\"container\" data-settings=\"{&quot;background_background&quot;:&quot;classic&quot;}\">\n\t\t\t\t\t<div class=\"e-con-inner\">\n\t\t<div class=\"elementor-element elementor-element-1f275393 e-con-full e-flex e-con e-child\" data-id=\"1f275393\" data-element_type=\"container\">\n\t\t<div class=\"elementor-element elementor-element-4c35b69a e-con-full e-flex e-con e-child\" data-id=\"4c35b69a\" data-element_type=\"container\">\n\t\t\t\t<div class=\"elementor-element elementor-element-3d4e8bcc elementor-widget elementor-widget-image\" data-id=\"3d4e8bcc\" data-element_type=\"widget\" data-widget_type=\"image.default\">\n\t\t\t\t<div class=\"elementor-widget-container\">\n\t\t\t\t\t\t\t\t\t\t\t\t\t\t\t<img fetchpriority=\"high\" decoding=\"async\" width=\"1894\" height=\"2560\" src=\"https:\/\/aa.org.mx\/wp-content\/uploads\/2024\/05\/Estructura-scaled.jpg\" class=\"attachment-full size-full wp-image-196\" alt=\"\" srcset=\"https:\/\/aa.org.mx\/wp-content\/uploads\/2024\/05\/Estructura-scaled.jpg 1894w, https:\/\/aa.org.mx\/wp-content\/uploads\/2024\/05\/Estructura-222x300.jpg 222w, https:\/\/aa.org.mx\/wp-content\/uploads\/2024\/05\/Estructura-757x1024.jpg 757w, https:\/\/aa.org.mx\/wp-content\/uploads\/2024\/05\/Estructura-768x1038.jpg 768w, https:\/\/aa.org.mx\/wp-content\/uploads\/2024\/05\/Estructura-1136x1536.jpg 1136w, https:\/\/aa.org.mx\/wp-content\/uploads\/2024\/05\/Estructura-1515x2048.jpg 1515w\" sizes=\"(max-width: 1894px) 100vw, 1894px\" \/>\t\t\t\t\t\t\t\t\t\t\t\t\t\t\t<\/div>\n\t\t\t\t<\/div>\n\t\t\t\t<\/div>\n\t\t<div class=\"elementor-element elementor-element-1bb135a7 e-con-full e-flex e-con e-child\" data-id=\"1bb135a7\" data-element_type=\"container\">\n\t\t\t\t<div class=\"elementor-element elementor-element-2f81740c elementor-widget elementor-widget-heading\" data-id=\"2f81740c\" data-element_type=\"widget\" data-widget_type=\"heading.default\">\n\t\t\t\t<div class=\"elementor-widget-container\">\n\t\t\t\t\t<h6 class=\"elementor-heading-title elementor-size-default\">Miembros de AA<\/h6>\t\t\t\t<\/div>\n\t\t\t\t<\/div>\n\t\t\t\t<div class=\"elementor-element elementor-element-4dfe32fd elementor-widget elementor-widget-heading\" data-id=\"4dfe32fd\" data-element_type=\"widget\" data-widget_type=\"heading.default\">\n\t\t\t\t<div class=\"elementor-widget-container\">\n\t\t\t\t\t<h3 class=\"elementor-heading-title elementor-size-default\">Servicio en nuestras oficinas<\/h3>\t\t\t\t<\/div>\n\t\t\t\t<\/div>\n\t\t\t\t<div class=\"elementor-element elementor-element-50d9a9e3 elementor-widget elementor-widget-text-editor\" data-id=\"50d9a9e3\" data-element_type=\"widget\" data-widget_type=\"text-editor.default\">\n\t\t\t\t<div class=\"elementor-widget-container\">\n\t\t\t\t\t\t\t\t\t<p><strong>El requisito es haber concluido como RSG<\/strong>, asistir a entrevistarse<br \/>al Comit\u00e9 Permanente de Nominaciones en el d\u00eda y horario de<br \/>sesi\u00f3n.<\/p><p><strong>\u00bfSi no he servido como RSG, puedo servir en la JSG<\/strong>?<br \/>Si eres miembro de AA y tienes m\u00ednimo tres a\u00f1os de sobriedad y<br \/>cuentas con carrera profesional o t\u00e9cnica profesional, puedes<br \/>servir como Asesor Clase \u201cB\u201d, el periodo de servicio es de tres<br \/>a\u00f1os; al cumplir este periodo, si deseas seguir sirviendo, puedes<br \/>entrevistarte para Miembro de Comit\u00e9 o Miembro Voluntario y<br \/>continuar tu secuencia de servicio.<\/p>\t\t\t\t\t\t\t\t<\/div>\n\t\t\t\t<\/div>\n\t\t\t\t<div class=\"elementor-element elementor-element-37816a3a elementor-mobile-align-justify elementor-widget-mobile__width-inherit elementor-widget elementor-widget-button\" data-id=\"37816a3a\" data-element_type=\"widget\" data-widget_type=\"button.default\">\n\t\t\t\t<div class=\"elementor-widget-container\">\n\t\t\t\t\t\t\t\t\t<div class=\"elementor-button-wrapper\">\n\t\t\t\t\t<a class=\"elementor-button elementor-button-link elementor-size-sm\" href=\"https:\/\/drive.google.com\/file\/d\/1TYx5e8j_4ZRYrfSDltzwbcG5O536zKyY\/view?usp=drive_link\">\n\t\t\t\t\t\t<span class=\"elementor-button-content-wrapper\">\n\t\t\t\t\t\t\t\t\t<span class=\"elementor-button-text\">Descarga un folleto<\/span>\n\t\t\t\t\t<\/span>\n\t\t\t\t\t<\/a>\n\t\t\t\t<\/div>\n\t\t\t\t\t\t\t\t<\/div>\n\t\t\t\t<\/div>\n\t\t\t\t<\/div>\n\t\t\t\t<\/div>\n\t\t\t\t\t<\/div>\n\t\t\t\t<\/div>\n\t\t<div class=\"elementor-element elementor-element-272d91a9 e-flex e-con-boxed e-con e-parent\" data-id=\"272d91a9\" data-element_type=\"container\" data-settings=\"{&quot;background_background&quot;:&quot;classic&quot;}\">\n\t\t\t\t\t<div class=\"e-con-inner\">\n\t\t<div class=\"elementor-element elementor-element-5434bd75 e-con-full e-flex e-con e-child\" data-id=\"5434bd75\" data-element_type=\"container\">\n\t\t<div class=\"elementor-element elementor-element-61658e39 e-con-full e-flex e-con e-child\" data-id=\"61658e39\" data-element_type=\"container\">\n\t\t\t\t<div class=\"elementor-element elementor-element-9096182 elementor-widget elementor-widget-image\" data-id=\"9096182\" data-element_type=\"widget\" data-widget_type=\"image.default\">\n\t\t\t\t<div class=\"elementor-widget-container\">\n\t\t\t\t\t\t\t\t\t\t\t\t\t\t\t<img decoding=\"async\" width=\"341\" height=\"344\" src=\"https:\/\/aa.org.mx\/wp-content\/uploads\/2024\/05\/PROFESIONISTAS.png\" class=\"attachment-full size-full wp-image-465\" alt=\"\" srcset=\"https:\/\/aa.org.mx\/wp-content\/uploads\/2024\/05\/PROFESIONISTAS.png 341w, https:\/\/aa.org.mx\/wp-content\/uploads\/2024\/05\/PROFESIONISTAS-297x300.png 297w, https:\/\/aa.org.mx\/wp-content\/uploads\/2024\/05\/PROFESIONISTAS-150x150.png 150w\" sizes=\"(max-width: 341px) 100vw, 341px\" \/>\t\t\t\t\t\t\t\t\t\t\t\t\t\t\t<\/div>\n\t\t\t\t<\/div>\n\t\t\t\t<\/div>\n\t\t<div class=\"elementor-element elementor-element-34839531 e-con-full e-flex e-con e-child\" data-id=\"34839531\" data-element_type=\"container\">\n\t\t\t\t<div class=\"elementor-element elementor-element-4b27c1a0 elementor-widget elementor-widget-heading\" data-id=\"4b27c1a0\" data-element_type=\"widget\" data-widget_type=\"heading.default\">\n\t\t\t\t<div class=\"elementor-widget-container\">\n\t\t\t\t\t<h6 class=\"elementor-heading-title elementor-size-default\">Amigos de AA<\/h6>\t\t\t\t<\/div>\n\t\t\t\t<\/div>\n\t\t\t\t<div class=\"elementor-element elementor-element-33afb2b2 elementor-widget elementor-widget-heading\" data-id=\"33afb2b2\" data-element_type=\"widget\" data-widget_type=\"heading.default\">\n\t\t\t\t<div class=\"elementor-widget-container\">\n\t\t\t\t\t<h3 class=\"elementor-heading-title elementor-size-default\">Si eres un profesionista<\/h3>\t\t\t\t<\/div>\n\t\t\t\t<\/div>\n\t\t\t\t<div class=\"elementor-element elementor-element-56d9878a elementor-widget elementor-widget-text-editor\" data-id=\"56d9878a\" data-element_type=\"widget\" data-widget_type=\"text-editor.default\">\n\t\t\t\t<div class=\"elementor-widget-container\">\n\t\t\t\t\t\t\t\t\t<p>Para la Agrupaci\u00f3n de Alcoh\u00f3licos An\u00f3nimos, los<br \/>profesionales han tenido un profundo significado e<br \/>importancia en el nacimiento, crecimiento y difusi\u00f3n del<br \/>mensaje de AA; incluso algunos, han llegado a ser Custodios<br \/>de Alcoh\u00f3licos An\u00f3nimos formando parte de la Junta de<br \/>Servicios Generales de AA.<\/p><p><strong>Si est\u00e1s interesado en ayudar con tus conocimientos profesionales en nuestras oficinas, puedes acudir a una entrevista.\u00a0<\/strong><\/p>\t\t\t\t\t\t\t\t<\/div>\n\t\t\t\t<\/div>\n\t\t\t\t<div class=\"elementor-element elementor-element-5c0b0c7c elementor-mobile-align-justify elementor-widget-mobile__width-inherit elementor-widget elementor-widget-button\" data-id=\"5c0b0c7c\" data-element_type=\"widget\" data-widget_type=\"button.default\">\n\t\t\t\t<div class=\"elementor-widget-container\">\n\t\t\t\t\t\t\t\t\t<div class=\"elementor-button-wrapper\">\n\t\t\t\t\t<a class=\"elementor-button elementor-button-link elementor-size-sm\" href=\"https:\/\/drive.google.com\/file\/d\/1TYx5e8j_4ZRYrfSDltzwbcG5O536zKyY\/view?usp=drive_link\">\n\t\t\t\t\t\t<span class=\"elementor-button-content-wrapper\">\n\t\t\t\t\t\t\t\t\t<span class=\"elementor-button-text\">Descarga un folleto<\/span>\n\t\t\t\t\t<\/span>\n\t\t\t\t\t<\/a>\n\t\t\t\t<\/div>\n\t\t\t\t\t\t\t\t<\/div>\n\t\t\t\t<\/div>\n\t\t\t\t<\/div>\n\t\t\t\t<\/div>\n\t\t\t\t\t<\/div>\n\t\t\t\t<\/div>\n\t\t<div class=\"elementor-element elementor-element-6b16813 e-flex e-con-boxed e-con e-parent\" data-id=\"6b16813\" data-element_type=\"container\" data-settings=\"{&quot;background_background&quot;:&quot;classic&quot;}\">\n\t\t\t\t\t<div class=\"e-con-inner\">\n\t\t<div class=\"elementor-element elementor-element-32bc4fd0 e-con-full e-flex e-con e-child\" data-id=\"32bc4fd0\" data-element_type=\"container\">\n\t\t<div class=\"elementor-element elementor-element-7a441d42 e-con-full e-flex e-con e-child\" data-id=\"7a441d42\" data-element_type=\"container\">\n\t\t\t\t<div class=\"elementor-element elementor-element-1eb8008 elementor-widget elementor-widget-image\" data-id=\"1eb8008\" data-element_type=\"widget\" data-widget_type=\"image.default\">\n\t\t\t\t<div class=\"elementor-widget-container\">\n\t\t\t\t\t\t\t\t\t\t\t\t\t\t\t<img decoding=\"async\" width=\"341\" height=\"521\" src=\"https:\/\/aa.org.mx\/wp-content\/uploads\/2024\/05\/SERVICIOS-SOCIAL.png\" class=\"attachment-full size-full wp-image-464\" alt=\"\" srcset=\"https:\/\/aa.org.mx\/wp-content\/uploads\/2024\/05\/SERVICIOS-SOCIAL.png 341w, https:\/\/aa.org.mx\/wp-content\/uploads\/2024\/05\/SERVICIOS-SOCIAL-196x300.png 196w\" sizes=\"(max-width: 341px) 100vw, 341px\" \/>\t\t\t\t\t\t\t\t\t\t\t\t\t\t\t<\/div>\n\t\t\t\t<\/div>\n\t\t\t\t<\/div>\n\t\t<div class=\"elementor-element elementor-element-3c7c17bb e-con-full e-flex e-con e-child\" data-id=\"3c7c17bb\" data-element_type=\"container\">\n\t\t\t\t<div class=\"elementor-element elementor-element-5d56f5bb elementor-widget elementor-widget-heading\" data-id=\"5d56f5bb\" data-element_type=\"widget\" data-widget_type=\"heading.default\">\n\t\t\t\t<div class=\"elementor-widget-container\">\n\t\t\t\t\t<h6 class=\"elementor-heading-title elementor-size-default\">Apoyo en AA<\/h6>\t\t\t\t<\/div>\n\t\t\t\t<\/div>\n\t\t\t\t<div class=\"elementor-element elementor-element-2f0aba83 elementor-widget elementor-widget-heading\" data-id=\"2f0aba83\" data-element_type=\"widget\" data-widget_type=\"heading.default\">\n\t\t\t\t<div class=\"elementor-widget-container\">\n\t\t\t\t\t<h3 class=\"elementor-heading-title elementor-size-default\">Servicio social<\/h3>\t\t\t\t<\/div>\n\t\t\t\t<\/div>\n\t\t\t\t<div class=\"elementor-element elementor-element-5431821b elementor-widget elementor-widget-text-editor\" data-id=\"5431821b\" data-element_type=\"widget\" data-widget_type=\"text-editor.default\">\n\t\t\t\t<div class=\"elementor-widget-container\">\n\t\t\t\t\t\t\t\t\t<p>Realiza tu servicio social en nuestras oficinas donde se realizan actividades que requieren de<br \/>conocimientos profesionales en inform\u00e1tica, computaci\u00f3n,<br \/>redacci\u00f3n, ortograf\u00eda, dise\u00f1o gr\u00e1fico, relaciones p\u00fablicas,<br \/>contabilidad, administraci\u00f3n, derecho, recursos humanos, e<br \/>idiomas.<\/p>\t\t\t\t\t\t\t\t<\/div>\n\t\t\t\t<\/div>\n\t\t\t\t<div class=\"elementor-element elementor-element-42d94cbc elementor-mobile-align-justify elementor-widget-mobile__width-inherit elementor-widget elementor-widget-button\" data-id=\"42d94cbc\" data-element_type=\"widget\" data-widget_type=\"button.default\">\n\t\t\t\t<div class=\"elementor-widget-container\">\n\t\t\t\t\t\t\t\t\t<div class=\"elementor-button-wrapper\">\n\t\t\t\t\t<a class=\"elementor-button elementor-button-link elementor-size-sm\" href=\"https:\/\/drive.google.com\/file\/d\/1TYx5e8j_4ZRYrfSDltzwbcG5O536zKyY\/view?usp=drive_link\">\n\t\t\t\t\t\t<span class=\"elementor-button-content-wrapper\">\n\t\t\t\t\t\t\t\t\t<span class=\"elementor-button-text\">Descarga un folleto<\/span>\n\t\t\t\t\t<\/span>\n\t\t\t\t\t<\/a>\n\t\t\t\t<\/div>\n\t\t\t\t\t\t\t\t<\/div>\n\t\t\t\t<\/div>\n\t\t\t\t<\/div>\n\t\t\t\t<\/div>\n\t\t\t\t\t<\/div>\n\t\t\t\t<\/div>\n\t\t<div class=\"elementor-element elementor-element-35e0b7e6 e-flex e-con-boxed e-con e-parent\" data-id=\"35e0b7e6\" data-element_type=\"container\" data-settings=\"{&quot;background_background&quot;:&quot;classic&quot;}\">\n\t\t\t\t\t<div class=\"e-con-inner\">\n\t\t<div class=\"elementor-element elementor-element-2eae881 e-con-full e-flex e-con e-child\" data-id=\"2eae881\" data-element_type=\"container\">\n\t\t<div class=\"elementor-element elementor-element-1d14c26e e-con-full e-flex e-con e-child\" data-id=\"1d14c26e\" data-element_type=\"container\">\n\t\t\t\t<div class=\"elementor-element elementor-element-46f6496a elementor-widget elementor-widget-image\" data-id=\"46f6496a\" data-element_type=\"widget\" data-widget_type=\"image.default\">\n\t\t\t\t<div class=\"elementor-widget-container\">\n\t\t\t\t\t\t\t\t\t\t\t\t\t\t\t<img loading=\"lazy\" decoding=\"async\" width=\"2560\" height=\"1707\" src=\"https:\/\/aa.org.mx\/wp-content\/uploads\/2024\/04\/pexels-julia-larson-6456305-scaled.jpg\" class=\"attachment-full size-full wp-image-45\" alt=\"\" srcset=\"https:\/\/aa.org.mx\/wp-content\/uploads\/2024\/04\/pexels-julia-larson-6456305-scaled.jpg 2560w, https:\/\/aa.org.mx\/wp-content\/uploads\/2024\/04\/pexels-julia-larson-6456305-300x200.jpg 300w, https:\/\/aa.org.mx\/wp-content\/uploads\/2024\/04\/pexels-julia-larson-6456305-1024x683.jpg 1024w, https:\/\/aa.org.mx\/wp-content\/uploads\/2024\/04\/pexels-julia-larson-6456305-768x512.jpg 768w, https:\/\/aa.org.mx\/wp-content\/uploads\/2024\/04\/pexels-julia-larson-6456305-1536x1024.jpg 1536w, https:\/\/aa.org.mx\/wp-content\/uploads\/2024\/04\/pexels-julia-larson-6456305-2048x1365.jpg 2048w\" sizes=\"(max-width: 2560px) 100vw, 2560px\" \/>\t\t\t\t\t\t\t\t\t\t\t\t\t\t\t<\/div>\n\t\t\t\t<\/div>\n\t\t\t\t<\/div>\n\t\t<div class=\"elementor-element elementor-element-7287e7df e-con-full e-flex e-con e-child\" data-id=\"7287e7df\" data-element_type=\"container\">\n\t\t\t\t<div class=\"elementor-element elementor-element-122fe0f8 elementor-widget elementor-widget-heading\" data-id=\"122fe0f8\" data-element_type=\"widget\" data-widget_type=\"heading.default\">\n\t\t\t\t<div class=\"elementor-widget-container\">\n\t\t\t\t\t<h6 class=\"elementor-heading-title elementor-size-default\">Contacto con AA<\/h6>\t\t\t\t<\/div>\n\t\t\t\t<\/div>\n\t\t\t\t<div class=\"elementor-element elementor-element-278b3537 elementor-widget elementor-widget-heading\" data-id=\"278b3537\" data-element_type=\"widget\" data-widget_type=\"heading.default\">\n\t\t\t\t<div class=\"elementor-widget-container\">\n\t\t\t\t\t<h3 class=\"elementor-heading-title elementor-size-default\">\u00bfNecesitas un Grupo?<\/h3>\t\t\t\t<\/div>\n\t\t\t\t<\/div>\n\t\t\t\t<div class=\"elementor-element elementor-element-43024114 elementor-widget elementor-widget-text-editor\" data-id=\"43024114\" data-element_type=\"widget\" data-widget_type=\"text-editor.default\">\n\t\t\t\t<div class=\"elementor-widget-container\">\n\t\t\t\t\t\t\t\t\t<p>Contamos con 2,403 grupos en todo el pa\u00eds, encuentra uno cerca de tu domicilio.\u00a0<\/p>\t\t\t\t\t\t\t\t<\/div>\n\t\t\t\t<\/div>\n\t\t\t\t<div class=\"elementor-element elementor-element-7959e75f elementor-mobile-align-justify elementor-widget-mobile__width-inherit elementor-widget elementor-widget-button\" data-id=\"7959e75f\" data-element_type=\"widget\" data-widget_type=\"button.default\">\n\t\t\t\t<div class=\"elementor-widget-container\">\n\t\t\t\t\t\t\t\t\t<div class=\"elementor-button-wrapper\">\n\t\t\t\t\t<a class=\"elementor-button elementor-button-link elementor-size-sm\" href=\"https:\/\/dirgposseccmex.blogspot.com\/\">\n\t\t\t\t\t\t<span class=\"elementor-button-content-wrapper\">\n\t\t\t\t\t\t\t\t\t<span class=\"elementor-button-text\">Da click y encuentra uno<\/span>\n\t\t\t\t\t<\/span>\n\t\t\t\t\t<\/a>\n\t\t\t\t<\/div>\n\t\t\t\t\t\t\t\t<\/div>\n\t\t\t\t<\/div>\n\t\t\t\t<\/div>\n\t\t\t\t<\/div>\n\t\t\t\t\t<\/div>\n\t\t\t\t<\/div>\n\t\t<div class=\"elementor-element elementor-element-1a579e9 e-flex e-con-boxed e-con e-parent\" data-id=\"1a579e9\" data-element_type=\"container\">\n\t\t\t\t\t<div class=\"e-con-inner\">\n\t\t\t\t<div class=\"elementor-element elementor-element-908aa45 elementor-widget elementor-widget-heading\" data-id=\"908aa45\" data-element_type=\"widget\" data-widget_type=\"heading.default\">\n\t\t\t\t<div class=\"elementor-widget-container\">\n\t\t\t\t\t<h2 class=\"elementor-heading-title elementor-size-default\">Ubicaci\u00f3n<\/h2>\t\t\t\t<\/div>\n\t\t\t\t<\/div>\n\t\t\t\t\t<\/div>\n\t\t\t\t<\/div>\n\t\t<div class=\"elementor-element elementor-element-71a3767a e-flex e-con-boxed e-con e-parent\" data-id=\"71a3767a\" data-element_type=\"container\">\n\t\t\t\t\t<div class=\"e-con-inner\">\n\t\t\t\t<div class=\"elementor-element elementor-element-6ac605ed elementor-widget elementor-widget-google_maps\" data-id=\"6ac605ed\" data-element_type=\"widget\" data-widget_type=\"google_maps.default\">\n\t\t\t\t<div class=\"elementor-widget-container\">\n\t\t\t\t\t\t\t<div class=\"elementor-custom-embed\">\n\t\t\t<iframe loading=\"lazy\"\n\t\t\t\t\tsrc=\"https:\/\/maps.google.com\/maps?q=H.Congreso%20de%20la%20Uni%C3%B3n%20258%20Bis&#038;t=m&#038;z=10&#038;output=embed&#038;iwloc=near\"\n\t\t\t\t\ttitle=\"H.Congreso de la Uni\u00f3n 258 Bis\"\n\t\t\t\t\taria-label=\"H.Congreso de la Uni\u00f3n 258 Bis\"\n\t\t\t><\/iframe>\n\t\t<\/div>\n\t\t\t\t\t\t<\/div>\n\t\t\t\t<\/div>\n\t\t\t\t\t<\/div>\n\t\t\t\t<\/div>\n\t\t\t\t<\/div>\n\t\t","protected":false},"excerpt":{"rendered":"<p>Miembros de AA Servicio en nuestras oficinas El requisito es haber concluido como RSG, asistir a entrevistarseal Comit\u00e9 Permanente de [&hellip;]<\/p>\n","protected":false},"author":1,"featured_media":0,"parent":0,"menu_order":0,"comment_status":"closed","ping_status":"closed","template":"","meta":{"site-sidebar-layout":"no-sidebar","site-content-layout":"","ast-site-content-layout":"full-width-container","site-content-style":"default","site-sidebar-style":"default","ast-global-header-display":"","ast-banner-title-visibility":"","ast-main-header-display":"","ast-hfb-above-header-display":"","ast-hfb-below-header-display":"","ast-hfb-mobile-header-display":"","site-post-title":"disabled","ast-breadcrumbs-content":"","ast-featured-img":"disabled","footer-sml-layout":"","theme-transparent-header-meta":"","adv-header-id-meta":"","stick-header-meta":"","header-above-stick-meta":"","header-main-stick-meta":"","header-below-stick-meta":"","astra-migrate-meta-layouts":"default","ast-page-background-enabled":"default","ast-page-background-meta":{"desktop":{"background-color":"var(--ast-global-color-4)","background-image":"","background-repeat":"repeat","background-position":"center center","background-size":"auto","background-attachment":"scroll","background-type":"","background-media":"","overlay-type":"","overlay-color":"","overlay-gradient":""},"tablet":{"background-color":"","background-image":"","background-repeat":"repeat","background-position":"center center","background-size":"auto","background-attachment":"scroll","background-type":"","background-media":"","overlay-type":"","overlay-color":"","overlay-gradient":""},"mobile":{"background-color":"","background-image":"","background-repeat":"repeat","background-position":"center center","background-size":"auto","background-attachment":"scroll","background-type":"","background-media":"","overlay-type":"","overlay-color":"","overlay-gradient":""}},"ast-content-background-meta":{"desktop":{"background-color":"var(--ast-global-color-5)","background-image":"","background-repeat":"repeat","background-position":"center center","background-size":"auto","background-attachment":"scroll","background-type":"","background-media":"","overlay-type":"","overlay-color":"","overlay-gradient":""},"tablet":{"background-color":"var(--ast-global-color-5)","background-image":"","background-repeat":"repeat","background-position":"center center","background-size":"auto","background-attachment":"scroll","background-type":"","background-media":"","overlay-type":"","overlay-color":"","overlay-gradient":""},"mobile":{"background-color":"var(--ast-global-color-5)","background-image":"","background-repeat":"repeat","background-position":"center center","background-size":"auto","background-attachment":"scroll","background-type":"","background-media":"","overlay-type":"","overlay-color":"","overlay-gradient":""}},"footnotes":""},"class_list":["post-220","page","type-page","status-publish","hentry"],"_links":{"self":[{"href":"https:\/\/aa.org.mx\/index.php?rest_route=\/wp\/v2\/pages\/220","targetHints":{"allow":["GET"]}}],"collection":[{"href":"https:\/\/aa.org.mx\/index.php?rest_route=\/wp\/v2\/pages"}],"about":[{"href":"https:\/\/aa.org.mx\/index.php?rest_route=\/wp\/v2\/types\/page"}],"author":[{"embeddable":true,"href":"https:\/\/aa.org.mx\/index.php?rest_route=\/wp\/v2\/users\/1"}],"replies":[{"embeddable":true,"href":"https:\/\/aa.org.mx\/index.php?rest_route=%2Fwp%2Fv2%2Fcomments&post=220"}],"version-history":[{"count":19,"href":"https:\/\/aa.org.mx\/index.php?rest_route=\/wp\/v2\/pages\/220\/revisions"}],"predecessor-version":[{"id":541,"href":"https:\/\/aa.org.mx\/index.php?rest_route=\/wp\/v2\/pages\/220\/revisions\/541"}],"wp:attachment":[{"href":"https:\/\/aa.org.mx\/index.php?rest_route=%2Fwp%2Fv2%2Fmedia&parent=220"}],"curies":[{"name":"wp","href":"https:\/\/api.w.org\/{rel}","templated":true}]}}